{"id":328,"date":"2024-07-26T11:13:44","date_gmt":"2024-07-26T11:13:44","guid":{"rendered":"https:\/\/cidadesirrequietas.com\/?page_id=328"},"modified":"2024-11-13T12:07:22","modified_gmt":"2024-11-13T12:07:22","slug":"inheritance","status":"publish","type":"page","link":"https:\/\/cidadesirrequietas.com\/index.php\/inheritance\/","title":{"rendered":"Inheritance"},"content":{"rendered":"\n<p>Alice deixa Londres, onde sempre viveu e embarca numa viagem \u00e0s suas origens, rumo ao Douro, no norte de Portugal, para conhecer a heran\u00e7a deixada pela sua m\u00e3e. No entanto, infelizmente as terras lusitanas n\u00e3o s\u00e3o a \u00fanica coisa que Alice herdou. Fadada com um destino irrevog\u00e1vel que desafia o corpo, a mente e o tempo, Alice enfrenta uma luta interior que a faz escolher entre viver com uma doen\u00e7a degenerativa desastrosa ou simplesmente n\u00e3o viver.<\/p>\n\n\n\n<figure class=\"wp-block-image size-large\"><img loading=\"lazy\" decoding=\"async\" width=\"1024\" height=\"540\" src=\"https:\/\/cidadesirrequietas.com\/wp-content\/uploads\/2024\/11\/INHERITANCE_still-3-1024x540.jpg\" alt=\"\" class=\"wp-image-338\" srcset=\"https:\/\/cidadesirrequietas.com\/wp-content\/uploads\/2024\/11\/INHERITANCE_still-3-1024x540.jpg 1024w, https:\/\/cidadesirrequietas.com\/wp-content\/uploads\/2024\/11\/INHERITANCE_still-3-300x158.jpg 300w, https:\/\/cidadesirrequietas.com\/wp-content\/uploads\/2024\/11\/INHERITANCE_still-3-768x405.jpg 768w, https:\/\/cidadesirrequietas.com\/wp-content\/uploads\/2024\/11\/INHERITANCE_still-3-1536x810.jpg 1536w, https:\/\/cidadesirrequietas.com\/wp-content\/uploads\/2024\/11\/INHERITANCE_still-3.jpg 1920w\" sizes=\"auto, (max-width: 1024px) 100vw, 1024px\" \/><\/figure>\n\n\n\n<p>Mais informa\u00e7\u00f5es em breve.<\/p>\n","protected":false},"excerpt":{"rendered":"<p>Alice deixa Londres, onde sempre viveu e embarca numa viagem \u00e0s suas origens, rumo ao Douro, no norte de Portugal, para conhecer a heran\u00e7a deixada pela sua m\u00e3e. No entanto, infelizmente as terras lusitanas n\u00e3o s\u00e3o a \u00fanica coisa que Alice herdou. Fadada com um destino irrevog\u00e1vel que desafia o corpo, a mente e o [&hellip;]<\/p>\n","protected":false},"author":1,"featured_media":0,"parent":0,"menu_order":0,"comment_status":"closed","ping_status":"closed","template":"","meta":{"footnotes":""},"class_list":["post-328","page","type-page","status-publish","hentry"],"_links":{"self":[{"href":"https:\/\/cidadesirrequietas.com\/index.php\/wp-json\/wp\/v2\/pages\/328","targetHints":{"allow":["GET"]}}],"collection":[{"href":"https:\/\/cidadesirrequietas.com\/index.php\/wp-json\/wp\/v2\/pages"}],"about":[{"href":"https:\/\/cidadesirrequietas.com\/index.php\/wp-json\/wp\/v2\/types\/page"}],"author":[{"embeddable":true,"href":"https:\/\/cidadesirrequietas.com\/index.php\/wp-json\/wp\/v2\/users\/1"}],"replies":[{"embeddable":true,"href":"https:\/\/cidadesirrequietas.com\/index.php\/wp-json\/wp\/v2\/comments?post=328"}],"version-history":[{"count":2,"href":"https:\/\/cidadesirrequietas.com\/index.php\/wp-json\/wp\/v2\/pages\/328\/revisions"}],"predecessor-version":[{"id":339,"href":"https:\/\/cidadesirrequietas.com\/index.php\/wp-json\/wp\/v2\/pages\/328\/revisions\/339"}],"wp:attachment":[{"href":"https:\/\/cidadesirrequietas.com\/index.php\/wp-json\/wp\/v2\/media?parent=328"}],"curies":[{"name":"wp","href":"https:\/\/api.w.org\/{rel}","templated":true}]}}