{"id":34,"date":"2023-05-22T16:08:08","date_gmt":"2023-05-22T16:08:08","guid":{"rendered":"https:\/\/cidadesirrequietas.com\/?page_id=34"},"modified":"2023-05-24T14:46:12","modified_gmt":"2023-05-24T14:46:12","slug":"61-63","status":"publish","type":"page","link":"https:\/\/cidadesirrequietas.com\/index.php\/61-63\/","title":{"rendered":"61-63"},"content":{"rendered":"\n<figure class=\"wp-block-embed aligncenter is-type-video is-provider-vimeo wp-block-embed-vimeo wp-embed-aspect-4-3 wp-has-aspect-ratio\"><div class=\"wp-block-embed__wrapper\">\n<iframe loading=\"lazy\" title=\"Trailer_61-63 _Sub_Eng-.mp4\" src=\"https:\/\/player.vimeo.com\/video\/677396476?dnt=1&amp;app_id=122963\" width=\"500\" height=\"350\" frameborder=\"0\" allow=\"autoplay; fullscreen; picture-in-picture; clipboard-write\"><\/iframe>\n<\/div><\/figure>\n\n\n<p>Document\u00e1rio, Experimental \/ curta-metragem \/ 10&#8217;10&#8221;<br \/><em>Sobre as mem\u00f3rias de guerra em \u00c1frica.<\/em><\/p>\n<p>\u00a0<\/p>\n<p>\u201c61-63\u201d \u00e9, posso dizer, um tributo ao meu pai e, talvez, uma necessidade de refletir, cr\u00edtica e criativamente, sobre um assunto da nossa hist\u00f3ria recente, enquanto pa\u00eds colonizador, que na generalidade tende a ser esquecido, com narrativas que pouco coincidem com os factos reais.<\/p>\n\n\n<div style=\"height:50px\" aria-hidden=\"true\" class=\"wp-block-spacer\"><\/div>\n\n\n\n<figure class=\"wp-block-gallery has-nested-images columns-2 wp-block-gallery-1 is-layout-flex wp-block-gallery-is-layout-flex\">\n<figure class=\"wp-block-image size-medium\"><img loading=\"lazy\" decoding=\"async\" width=\"300\" height=\"232\" data-id=\"28\" src=\"https:\/\/cidadesirrequietas.com\/wp-content\/uploads\/2023\/05\/foto_10-e1684770888395-300x232.jpg\" alt=\"\" class=\"wp-image-28\" srcset=\"https:\/\/cidadesirrequietas.com\/wp-content\/uploads\/2023\/05\/foto_10-e1684770888395-300x232.jpg 300w, https:\/\/cidadesirrequietas.com\/wp-content\/uploads\/2023\/05\/foto_10-e1684770888395.jpg 500w\" sizes=\"auto, (max-width: 300px) 100vw, 300px\" \/><\/figure>\n\n\n\n<figure class=\"wp-block-image size-medium\"><img loading=\"lazy\" decoding=\"async\" width=\"295\" height=\"300\" data-id=\"27\" src=\"https:\/\/cidadesirrequietas.com\/wp-content\/uploads\/2023\/05\/foto_6-e1684770875837-295x300.png\" alt=\"\" class=\"wp-image-27\" srcset=\"https:\/\/cidadesirrequietas.com\/wp-content\/uploads\/2023\/05\/foto_6-e1684770875837-295x300.png 295w, https:\/\/cidadesirrequietas.com\/wp-content\/uploads\/2023\/05\/foto_6-e1684770875837.png 500w\" sizes=\"auto, (max-width: 295px) 100vw, 295px\" \/><\/figure>\n\n\n\n<figure class=\"wp-block-image size-medium\"><img loading=\"lazy\" decoding=\"async\" width=\"300\" height=\"261\" data-id=\"26\" src=\"https:\/\/cidadesirrequietas.com\/wp-content\/uploads\/2023\/05\/foto_4-e1684770864482-300x261.png\" alt=\"\" class=\"wp-image-26\" srcset=\"https:\/\/cidadesirrequietas.com\/wp-content\/uploads\/2023\/05\/foto_4-e1684770864482-300x261.png 300w, https:\/\/cidadesirrequietas.com\/wp-content\/uploads\/2023\/05\/foto_4-e1684770864482.png 500w\" sizes=\"auto, (max-width: 300px) 100vw, 300px\" \/><\/figure>\n\n\n\n<figure class=\"wp-block-image size-medium\"><img loading=\"lazy\" decoding=\"async\" width=\"300\" height=\"291\" data-id=\"25\" src=\"https:\/\/cidadesirrequietas.com\/wp-content\/uploads\/2023\/05\/foto_3-e1684770854100-300x291.png\" alt=\"\" class=\"wp-image-25\" srcset=\"https:\/\/cidadesirrequietas.com\/wp-content\/uploads\/2023\/05\/foto_3-e1684770854100-300x291.png 300w, https:\/\/cidadesirrequietas.com\/wp-content\/uploads\/2023\/05\/foto_3-e1684770854100.png 500w\" sizes=\"auto, (max-width: 300px) 100vw, 300px\" \/><\/figure>\n\n\n\n<figure class=\"wp-block-image size-medium\"><img loading=\"lazy\" decoding=\"async\" width=\"300\" height=\"300\" data-id=\"24\" src=\"https:\/\/cidadesirrequietas.com\/wp-content\/uploads\/2023\/05\/foto_2-e1684770841781-300x300.png\" alt=\"\" class=\"wp-image-24\" srcset=\"https:\/\/cidadesirrequietas.com\/wp-content\/uploads\/2023\/05\/foto_2-e1684770841781-300x300.png 300w, https:\/\/cidadesirrequietas.com\/wp-content\/uploads\/2023\/05\/foto_2-e1684770841781-150x150.png 150w, https:\/\/cidadesirrequietas.com\/wp-content\/uploads\/2023\/05\/foto_2-e1684770841781.png 500w\" sizes=\"auto, (max-width: 300px) 100vw, 300px\" \/><\/figure>\n\n\n\n<figure class=\"wp-block-image size-medium\"><img loading=\"lazy\" decoding=\"async\" width=\"300\" height=\"202\" data-id=\"23\" src=\"https:\/\/cidadesirrequietas.com\/wp-content\/uploads\/2023\/05\/foto_1-e1684770829948-300x202.png\" alt=\"\" class=\"wp-image-23\" srcset=\"https:\/\/cidadesirrequietas.com\/wp-content\/uploads\/2023\/05\/foto_1-e1684770829948-300x202.png 300w, https:\/\/cidadesirrequietas.com\/wp-content\/uploads\/2023\/05\/foto_1-e1684770829948.png 500w\" sizes=\"auto, (max-width: 300px) 100vw, 300px\" \/><\/figure>\n\n\n\n<figure class=\"wp-block-image size-medium\"><img loading=\"lazy\" decoding=\"async\" width=\"300\" height=\"232\" data-id=\"22\" src=\"https:\/\/cidadesirrequietas.com\/wp-content\/uploads\/2023\/05\/foto_5-e1684770817627-300x232.png\" alt=\"\" class=\"wp-image-22\" srcset=\"https:\/\/cidadesirrequietas.com\/wp-content\/uploads\/2023\/05\/foto_5-e1684770817627-300x232.png 300w, https:\/\/cidadesirrequietas.com\/wp-content\/uploads\/2023\/05\/foto_5-e1684770817627.png 500w\" sizes=\"auto, (max-width: 300px) 100vw, 300px\" \/><\/figure>\n\n\n\n<figure class=\"wp-block-image size-medium\"><img loading=\"lazy\" decoding=\"async\" width=\"300\" height=\"211\" data-id=\"21\" src=\"https:\/\/cidadesirrequietas.com\/wp-content\/uploads\/2023\/05\/foto_7-e1684770804334-300x211.png\" alt=\"\" class=\"wp-image-21\" srcset=\"https:\/\/cidadesirrequietas.com\/wp-content\/uploads\/2023\/05\/foto_7-e1684770804334-300x211.png 300w, https:\/\/cidadesirrequietas.com\/wp-content\/uploads\/2023\/05\/foto_7-e1684770804334.png 500w\" sizes=\"auto, (max-width: 300px) 100vw, 300px\" \/><\/figure>\n\n\n\n<figure class=\"wp-block-image size-medium\"><img loading=\"lazy\" decoding=\"async\" width=\"300\" height=\"223\" data-id=\"20\" src=\"https:\/\/cidadesirrequietas.com\/wp-content\/uploads\/2023\/05\/foto_8-e1684770783856-300x223.png\" alt=\"\" class=\"wp-image-20\" srcset=\"https:\/\/cidadesirrequietas.com\/wp-content\/uploads\/2023\/05\/foto_8-e1684770783856-300x223.png 300w, https:\/\/cidadesirrequietas.com\/wp-content\/uploads\/2023\/05\/foto_8-e1684770783856.png 500w\" sizes=\"auto, (max-width: 300px) 100vw, 300px\" \/><\/figure>\n\n\n\n<figure class=\"wp-block-image size-medium\"><img loading=\"lazy\" decoding=\"async\" width=\"223\" height=\"300\" data-id=\"19\" src=\"https:\/\/cidadesirrequietas.com\/wp-content\/uploads\/2023\/05\/foto_9-e1684770768921-223x300.png\" alt=\"\" class=\"wp-image-19\" srcset=\"https:\/\/cidadesirrequietas.com\/wp-content\/uploads\/2023\/05\/foto_9-e1684770768921-223x300.png 223w, https:\/\/cidadesirrequietas.com\/wp-content\/uploads\/2023\/05\/foto_9-e1684770768921.png 371w\" sizes=\"auto, (max-width: 223px) 100vw, 223px\" \/><\/figure>\n<\/figure>\n\n\n\n<div style=\"height:50px\" aria-hidden=\"true\" class=\"wp-block-spacer\"><\/div>\n\n\n\n<div class=\"wp-block-buttons is-horizontal is-content-justification-center is-layout-flex wp-container-core-buttons-is-layout-6bd4d9d1 wp-block-buttons-is-layout-flex\">\n<div class=\"wp-block-button\"><a class=\"wp-block-button__link wp-element-button\" href=\"https:\/\/cidadesirrequietas.com\/index.php\/61-63-digital-press-kit-pt\/\">DIgital press kit PT<\/a><\/div>\n\n\n\n<div class=\"wp-block-button\"><a class=\"wp-block-button__link wp-element-button\" href=\"https:\/\/cidadesirrequietas.com\/index.php\/61-63-digital-press-kit-en\/\">digital press kit en<\/a><\/div>\n<\/div>\n","protected":false},"excerpt":{"rendered":"<p>Document\u00e1rio, Experimental \/ curta-metragem \/ 10&#8217;10&#8221;Sobre as mem\u00f3rias de guerra em \u00c1frica. \u00a0 \u201c61-63\u201d \u00e9, posso dizer, um tributo ao meu pai e, talvez, uma necessidade de refletir, cr\u00edtica e criativamente, sobre um assunto da nossa hist\u00f3ria recente, enquanto pa\u00eds colonizador, que na generalidade tende a ser esquecido, com narrativas que pouco coincidem com os [&hellip;]<\/p>\n","protected":false},"author":1,"featured_media":0,"parent":0,"menu_order":0,"comment_status":"closed","ping_status":"closed","template":"","meta":{"footnotes":""},"class_list":["post-34","page","type-page","status-publish","hentry"],"_links":{"self":[{"href":"https:\/\/cidadesirrequietas.com\/index.php\/wp-json\/wp\/v2\/pages\/34","targetHints":{"allow":["GET"]}}],"collection":[{"href":"https:\/\/cidadesirrequietas.com\/index.php\/wp-json\/wp\/v2\/pages"}],"about":[{"href":"https:\/\/cidadesirrequietas.com\/index.php\/wp-json\/wp\/v2\/types\/page"}],"author":[{"embeddable":true,"href":"https:\/\/cidadesirrequietas.com\/index.php\/wp-json\/wp\/v2\/users\/1"}],"replies":[{"embeddable":true,"href":"https:\/\/cidadesirrequietas.com\/index.php\/wp-json\/wp\/v2\/comments?post=34"}],"version-history":[{"count":11,"href":"https:\/\/cidadesirrequietas.com\/index.php\/wp-json\/wp\/v2\/pages\/34\/revisions"}],"predecessor-version":[{"id":158,"href":"https:\/\/cidadesirrequietas.com\/index.php\/wp-json\/wp\/v2\/pages\/34\/revisions\/158"}],"wp:attachment":[{"href":"https:\/\/cidadesirrequietas.com\/index.php\/wp-json\/wp\/v2\/media?parent=34"}],"curies":[{"name":"wp","href":"https:\/\/api.w.org\/{rel}","templated":true}]}}